{"id":4228,"date":"2026-01-12T18:46:01","date_gmt":"2026-01-12T17:46:01","guid":{"rendered":"https:\/\/home-2stay.com\/nota-prawna\/"},"modified":"2026-03-25T21:30:44","modified_gmt":"2026-03-25T20:30:44","slug":"nota-prawna","status":"publish","type":"page","link":"https:\/\/home-2stay.com\/pl\/nota-prawna\/","title":{"rendered":"Nota prawna"},"content":{"rendered":"\n<h1 class=\"wp-block-heading\" id=\"impressum\">Nota prawna<\/h1>\n\n<h2 class=\"wp-block-heading\" id=\"angaben-gema&#xDF;-5-tmg\">Informacje zgodnie z \u00a7 5 TMG:<\/h2>\n\n<p><strong>home2stay GmbH<\/strong><br\/>Turmstra\u00dfe 3<br\/>73230 Kirchheim unter Teck<br\/>Niemcy<br\/><br\/>Wpisana do rejestru handlowego.<br\/>S\u0105d rejestrowy: S\u0105d Rejonowy (Amtsgericht) w Stuttgarcie<br\/>Numer rejestrowy: HRB 782025<br\/>Numer identyfikacyjny p\u0142atnika VAT zgodnie z \u00a7 27 a niemieckiej ustawy o podatku obrotowym (Umsatzsteuergesetz): DE348515347<\/p>\n\n<h2 class=\"wp-block-heading\" id=\"kontakt\">Kontakt<\/h2>\n\n<p>Telefon: 07021 7327620<br\/><br\/>E-mail: info@home2stay.eu<\/p>\n\n<h2 class=\"wp-block-heading\" id=\"verantwortlich-fu-r-den-inhalt-nach-55-abs-2-rstv\">Osoba odpowiedzialna za tre\u015b\u0107 zgodnie z \u00a7 55 ust. 2 RStV<\/h2>\n\n<p>home2stay GmbH<br\/>Turmstra\u00dfe 3<br\/>73230 Kirchheim unter Teck<br\/>Niemcy<\/p>\n\n<h2 class=\"wp-block-heading\" id=\"streitschlichtung\">Rozstrzyganie spor\u00f3w<\/h2>\n\n<p>Nie jeste\u015bmy zobowi\u0105zani ani gotowi do udzia\u0142u w post\u0119powaniu w sprawie rozstrzygania spor\u00f3w przed polubownym s\u0105dem konsumenckim.<\/p>\n\n<h2 class=\"wp-block-heading\" id=\"haftung-fu-r-inhalte\">Odpowiedzialno\u015b\u0107 za tre\u015bci<\/h2>\n\n<div class=\"wp-block-stackable-text stk-block-text stk-block stk-ee04c95\" data-block-id=\"ee04c95\"><p class=\"stk-block-text__text\">Jako us\u0142ugodawca jeste\u015bmy odpowiedzialni zgodnie z \u00a7 7 ust. 1 TMG za w\u0142asne tre\u015bci na tych stronach zgodnie z og\u00f3lnymi przepisami prawa. Zgodnie z \u00a7\u00a7 8 do 10 TMG jako us\u0142ugodawca nie jeste\u015bmy jednak zobowi\u0105zani do monitorowania przekazywanych lub przechowywanych informacji obcych ani do badania okoliczno\u015bci wskazuj\u0105cych na dzia\u0142alno\u015b\u0107 niezgodn\u0105 z prawem. Zobowi\u0105zania do usuni\u0119cia lub zablokowania korzystania z informacji zgodnie z og\u00f3lnymi przepisami prawa pozostaj\u0105 nienaruszone. Odpowiedzialno\u015b\u0107 w tym zakresie jest jednak mo\u017cliwa dopiero od momentu powzi\u0119cia wiadomo\u015bci o konkretnym naruszeniu prawa. W przypadku powzi\u0119cia wiadomo\u015bci o odpowiednich naruszeniach prawa niezw\u0142ocznie usuniemy te tre\u015bci.<\/p><\/div>\n\n<h2 class=\"wp-block-heading\" id=\"haftung-fu-r-links\">Odpowiedzialno\u015b\u0107 za linki<\/h2>\n\n<div class=\"wp-block-stackable-text stk-block-text stk-block stk-f4314ca\" data-block-id=\"f4314ca\"><p class=\"stk-block-text__text\">Nasza oferta zawiera linki do zewn\u0119trznych stron internetowych os\u00f3b trzecich, na kt\u00f3rych tre\u015bci nie mamy wp\u0142ywu. Dlatego nie mo\u017cemy r\u00f3wnie\u017c przej\u0105\u0107 \u017cadnej gwarancji za te obce tre\u015bci. Za tre\u015bci na stronach, do kt\u00f3rych prowadz\u0105 linki, zawsze odpowiada dany dostawca lub operator tych stron. Strony, do kt\u00f3rych prowadz\u0105 linki, zosta\u0142y sprawdzone pod k\u0105tem ewentualnych narusze\u0144 prawa w momencie zamieszczania linku. W momencie zamieszczania link\u00f3w nie stwierdzono tre\u015bci niezgodnych z prawem.<br\/><br\/>Sta\u0142a kontrola tre\u015bci stron, do kt\u00f3rych prowadz\u0105 linki, nie jest jednak zasadna bez konkretnych przes\u0142anek wskazuj\u0105cych na naruszenie prawa. W przypadku powzi\u0119cia wiadomo\u015bci o naruszeniach prawa niezw\u0142ocznie usuniemy takie linki.<\/p><\/div>\n\n<h2 class=\"wp-block-heading\" id=\"urheberrecht\">Prawo autorskie<\/h2>\n\n<div class=\"wp-block-stackable-text stk-block-text stk-block stk-846796b\" data-block-id=\"846796b\"><p class=\"stk-block-text__text\">Tre\u015bci i dzie\u0142a na tych stronach stworzone przez operatora strony podlegaj\u0105 niemieckiemu prawu autorskiemu. Powielanie, edytowanie, rozpowszechnianie oraz ka\u017cdy rodzaj wykorzystania wykraczaj\u0105cy poza granice prawa autorskiego wymagaj\u0105 pisemnej zgody danego autora lub tw\u00f3rcy.<br\/><br\/>Pobieranie i kopiowanie tej strony jest dozwolone wy\u0142\u0105cznie do prywatnego, niekomercyjnego u\u017cytku. O ile tre\u015bci na tej stronie nie zosta\u0142y stworzone przez operatora, przestrzegane s\u0105 prawa autorskie os\u00f3b trzecich. W szczeg\u00f3lno\u015bci tre\u015bci os\u00f3b trzecich s\u0105 oznaczone jako takie. Je\u015bli mimo to zauwa\u017c\u0105 Pa\u0144stwo naruszenie praw autorskich, prosimy o stosown\u0105 informacj\u0119. W przypadku powzi\u0119cia wiadomo\u015bci o naruszeniach prawa niezw\u0142ocznie usuniemy takie tre\u015bci.<\/p><\/div>\n\n<h2 class=\"wp-block-heading\" id=\"bildnachweis\">\u0179r\u00f3d\u0142a zdj\u0119\u0107<\/h2>\n\n<div class=\"wp-block-stackable-text stk-block-text stk-block stk-2b50d65\" data-block-id=\"2b50d65\"><p class=\"stk-block-text__text\">Zdj\u0119cie u\u017cyte na tej stronie pochodzi od home2stay GmbH i jest jej w\u0142asno\u015bci\u0105.<\/p><\/div>\n","protected":false},"excerpt":{"rendered":"<p>Nota prawna Informacje zgodnie z \u00a7 5 TMG: home2stay GmbHTurmstra\u00dfe 373230 Kirchheim unter TeckNiemcy Wpisana do rejestru handlowego.S\u0105d rejestrowy: S\u0105d Rejonowy (Amtsgericht) w StuttgarcieNumer rejestrowy: HRB 782025Numer identyfikacyjny p\u0142atnika VAT zgodnie z \u00a7 27 a niemieckiej ustawy o podatku obrotowym (Umsatzsteuergesetz): DE348515347 Kontakt Telefon: 07021 7327620 E-mail: info@home2stay.eu Osoba odpowiedzialna za tre\u015b\u0107 zgodnie z \u00a7 [&hellip;]<\/p>\n","protected":false},"author":1,"featured_media":0,"parent":0,"menu_order":0,"comment_status":"closed","ping_status":"closed","template":"","meta":{"_acf_changed":false,"_gspb_post_css":"","footnotes":""},"class_list":["post-4228","page","type-page","status-publish","hentry"],"blocksy_meta":{"vertical_spacing_source":"custom","styles_descriptor":{"styles":{"desktop":"","tablet":"","mobile":""},"google_fonts":[],"version":6},"has_hero_section":"disabled"},"acf":[],"_links":{"self":[{"href":"https:\/\/home-2stay.com\/pl\/wp-json\/wp\/v2\/pages\/4228","targetHints":{"allow":["GET"]}}],"collection":[{"href":"https:\/\/home-2stay.com\/pl\/wp-json\/wp\/v2\/pages"}],"about":[{"href":"https:\/\/home-2stay.com\/pl\/wp-json\/wp\/v2\/types\/page"}],"author":[{"embeddable":true,"href":"https:\/\/home-2stay.com\/pl\/wp-json\/wp\/v2\/users\/1"}],"replies":[{"embeddable":true,"href":"https:\/\/home-2stay.com\/pl\/wp-json\/wp\/v2\/comments?post=4228"}],"version-history":[{"count":1,"href":"https:\/\/home-2stay.com\/pl\/wp-json\/wp\/v2\/pages\/4228\/revisions"}],"predecessor-version":[{"id":4229,"href":"https:\/\/home-2stay.com\/pl\/wp-json\/wp\/v2\/pages\/4228\/revisions\/4229"}],"wp:attachment":[{"href":"https:\/\/home-2stay.com\/pl\/wp-json\/wp\/v2\/media?parent=4228"}],"curies":[{"name":"wp","href":"https:\/\/api.w.org\/{rel}","templated":true}]}}