{"id":4230,"date":"2026-03-19T12:19:08","date_gmt":"2026-03-19T11:19:08","guid":{"rendered":"https:\/\/home-2stay.com\/pliki-cookies\/"},"modified":"2026-03-25T21:32:39","modified_gmt":"2026-03-25T20:32:39","slug":"pliki-cookies","status":"publish","type":"page","link":"https:\/\/home-2stay.com\/pl\/pliki-cookies\/","title":{"rendered":"Pliki cookies"},"content":{"rendered":"\n<h1 class=\"wp-block-heading\" id=\"cookies\">Pliki cookies<\/h1>\n\n<p>Pliki cookies to ma\u0142e pliki tekstowe, kt\u00f3re s\u0105 zapisywane na komputerze u\u017cytkownika podczas odwiedzania niekt\u00f3rych stron internetowych. Strony internetowe u\u017cywaj\u0105 plik\u00f3w cookies, aby u\u0142atwi\u0107 u\u017cytkownikom nawigacj\u0119 w witrynie i umo\u017cliwi\u0107 korzystanie z okre\u015blonych funkcji. Pliki cookies niezb\u0119dne do prawid\u0142owego funkcjonowania strony internetowej mog\u0105 by\u0107 stosowane bez zgody u\u017cytkownika. Wszystkie inne pliki cookies wymagaj\u0105 zgody, zanim b\u0119d\u0105 mog\u0142y zosta\u0107 zapisane w przegl\u0105darce.<br\/><br\/>Zgod\u0119 na u\u017cywanie plik\u00f3w cookies na naszej stronie internetowej mo\u017cna zmieni\u0107 w dowolnym momencie w polityce prywatno\u015bci.<\/p>\n\n<p>Nasza strona internetowa u\u017cywa nast\u0119puj\u0105cych plik\u00f3w cookies:<\/p>\n\n<script type=\"text\/javascript\" charset=\"UTF-8\" data-cookiescriptreport=\"report\" src=\"\/\/report.cookie-script.com\/r\/4c09f47c5811d00161edb9e1f0aea1da.js\"><\/script>\n","protected":false},"excerpt":{"rendered":"<p>Pliki cookies Pliki cookies to ma\u0142e pliki tekstowe, kt\u00f3re s\u0105 zapisywane na komputerze u\u017cytkownika podczas odwiedzania niekt\u00f3rych stron internetowych. Strony internetowe u\u017cywaj\u0105 plik\u00f3w cookies, aby u\u0142atwi\u0107 u\u017cytkownikom nawigacj\u0119 w witrynie i umo\u017cliwi\u0107 korzystanie z okre\u015blonych funkcji. Pliki cookies niezb\u0119dne do prawid\u0142owego funkcjonowania strony internetowej mog\u0105 by\u0107 stosowane bez zgody u\u017cytkownika. Wszystkie inne pliki cookies wymagaj\u0105 [&hellip;]<\/p>\n","protected":false},"author":1,"featured_media":0,"parent":0,"menu_order":0,"comment_status":"closed","ping_status":"closed","template":"","meta":{"_acf_changed":false,"_gspb_post_css":"","footnotes":""},"class_list":["post-4230","page","type-page","status-publish","hentry"],"blocksy_meta":{"vertical_spacing_source":"custom","styles_descriptor":{"styles":{"desktop":"","tablet":"","mobile":""},"google_fonts":[],"version":6},"has_hero_section":"disabled"},"acf":[],"_links":{"self":[{"href":"https:\/\/home-2stay.com\/pl\/wp-json\/wp\/v2\/pages\/4230","targetHints":{"allow":["GET"]}}],"collection":[{"href":"https:\/\/home-2stay.com\/pl\/wp-json\/wp\/v2\/pages"}],"about":[{"href":"https:\/\/home-2stay.com\/pl\/wp-json\/wp\/v2\/types\/page"}],"author":[{"embeddable":true,"href":"https:\/\/home-2stay.com\/pl\/wp-json\/wp\/v2\/users\/1"}],"replies":[{"embeddable":true,"href":"https:\/\/home-2stay.com\/pl\/wp-json\/wp\/v2\/comments?post=4230"}],"version-history":[{"count":1,"href":"https:\/\/home-2stay.com\/pl\/wp-json\/wp\/v2\/pages\/4230\/revisions"}],"predecessor-version":[{"id":4231,"href":"https:\/\/home-2stay.com\/pl\/wp-json\/wp\/v2\/pages\/4230\/revisions\/4231"}],"wp:attachment":[{"href":"https:\/\/home-2stay.com\/pl\/wp-json\/wp\/v2\/media?parent=4230"}],"curies":[{"name":"wp","href":"https:\/\/api.w.org\/{rel}","templated":true}]}}