{"id":4245,"date":"2026-03-06T13:35:48","date_gmt":"2026-03-06T12:35:48","guid":{"rendered":"https:\/\/home-2stay.com\/wiki\/"},"modified":"2026-03-27T13:29:26","modified_gmt":"2026-03-27T12:29:26","slug":"wiki","status":"publish","type":"page","link":"https:\/\/home-2stay.com\/pl\/wiki\/","title":{"rendered":"Wiki"},"content":{"rendered":"<ul id=\"vskb\" class=\"vskb-four\"><li class=\"vskb-cat-list a\"><div class=\"vskb-cat-name\"><a href=\"https:\/\/home-2stay.com\/pl\/litera\/a\/\" title=\"A\" >A<\/a><\/div><ul class=\"vskb-post-list\"><li class=\"vskb-post analiza-grup-docelowych:-monterzy,-osoby-podr\u00f3\u017cuj\u0105ce-s\u0142u\u017cbowo-i-zespo\u0142y\"><div class=\"vskb-post-name\"><a href=\"https:\/\/home-2stay.com\/pl\/wiki\/target-audience-analysis-fitters-business-travellers-teams\/\" rel=\"bookmark\" title=\"Analiza grup docelowych: monterzy, osoby podr\u00f3\u017cuj\u0105ce s\u0142u\u017cbowo i zespo\u0142y\">Analiza grup docelowych: monterzy, osoby podr\u00f3\u017cuj\u0105ce s\u0142u\u017cbowo i zespo\u0142y<\/a><\/div><\/li><li class=\"vskb-post analiza-popytu-i-wzorc\u00f3w-rezerwacji\"><div class=\"vskb-post-name\"><a href=\"https:\/\/home-2stay.com\/pl\/wiki\/analiza-popytu-i-wzorcow-rezerwacji\/\" rel=\"bookmark\" title=\"Analiza popytu i wzorc\u00f3w rezerwacji\">Analiza popytu i wzorc\u00f3w rezerwacji<\/a><\/div><\/li><\/ul><\/li><li class=\"vskb-cat-list d\"><div class=\"vskb-cat-name\"><a href=\"https:\/\/home-2stay.com\/pl\/litera\/d\/\" title=\"D\" >D<\/a><\/div><ul class=\"vskb-post-list\"><li class=\"vskb-post definicja:-pok\u00f3j-monterski-a-mieszkanie-monterskie\"><div class=\"vskb-post-name\"><a href=\"https:\/\/home-2stay.com\/pl\/wiki\/definicja-pokoj-monterski-a-mieszkanie-monterskie\/\" rel=\"bookmark\" title=\"Definicja: pok\u00f3j monterski a mieszkanie monterskie\">Definicja: pok\u00f3j monterski a mieszkanie monterskie<\/a><\/div><\/li><\/ul><\/li><li class=\"vskb-cat-list k\"><div class=\"vskb-cat-name\"><a href=\"https:\/\/home-2stay.com\/pl\/litera\/k\/\" title=\"K\" >K<\/a><\/div><ul class=\"vskb-post-list\"><li class=\"vskb-post koncepcje-operacyjne-w-zakresie-sprz\u0105tania-i-techniki\"><div class=\"vskb-post-name\"><a href=\"https:\/\/home-2stay.com\/pl\/wiki\/koncepcje-operacyjne-w-zakresie-sprzatania-i-techniki\/\" rel=\"bookmark\" title=\"Koncepcje operacyjne w zakresie sprz\u0105tania i techniki\">Koncepcje operacyjne w zakresie sprz\u0105tania i techniki<\/a><\/div><\/li><li class=\"vskb-post koncepcje-wynajmu-dla-w\u0142a\u015bcicieli-nieruchomo\u015bci\"><div class=\"vskb-post-name\"><a href=\"https:\/\/home-2stay.com\/pl\/wiki\/koncepcje-wynajmu-dla-wlascicieli-nieruchomosci\/\" rel=\"bookmark\" title=\"Koncepcje wynajmu dla w\u0142a\u015bcicieli nieruchomo\u015bci\">Koncepcje wynajmu dla w\u0142a\u015bcicieli nieruchomo\u015bci<\/a><\/div><\/li><li class=\"vskb-post kryteria-strategicznego-wyboru-lokalizacji\"><div class=\"vskb-post-name\"><a href=\"https:\/\/home-2stay.com\/pl\/wiki\/kryteria-strategicznego-wyboru-lokalizacji\/\" rel=\"bookmark\" title=\"Kryteria strategicznego wyboru lokalizacji\">Kryteria strategicznego wyboru lokalizacji<\/a><\/div><\/li><li class=\"vskb-post kryteria-wyposa\u017cenia-mieszka\u0144-pracowniczych\"><div class=\"vskb-post-name\"><a href=\"https:\/\/home-2stay.com\/pl\/wiki\/kryteria-wyposazenia-mieszkan-pracowniczych\/\" rel=\"bookmark\" title=\"Kryteria wyposa\u017cenia mieszka\u0144 pracowniczych\">Kryteria wyposa\u017cenia mieszka\u0144 pracowniczych<\/a><\/div><\/li><\/ul><\/li><li class=\"vskb-cat-list l\"><div class=\"vskb-cat-name\"><a href=\"https:\/\/home-2stay.com\/pl\/litera\/l\/\" title=\"L\" >L<\/a><\/div><ul class=\"vskb-post-list\"><li class=\"vskb-post listy-kontrolne-dotycz\u0105ce-konserwacji-mieszka\u0144\"><div class=\"vskb-post-name\"><a href=\"https:\/\/home-2stay.com\/pl\/wiki\/listy-kontrolne-dotyczace-konserwacji-mieszkan\/\" rel=\"bookmark\" title=\"Listy kontrolne dotycz\u0105ce konserwacji mieszka\u0144\">Listy kontrolne dotycz\u0105ce konserwacji mieszka\u0144<\/a><\/div><\/li><\/ul><\/li><li class=\"vskb-cat-list m\"><div class=\"vskb-cat-name\"><a href=\"https:\/\/home-2stay.com\/pl\/litera\/m\/\" title=\"M\" >M<\/a><\/div><ul class=\"vskb-post-list\"><li class=\"vskb-post modele-cenowe-dla-pobyt\u00f3w-kr\u00f3tko--i-d\u0142ugoterminowych\"><div class=\"vskb-post-name\"><a href=\"https:\/\/home-2stay.com\/pl\/wiki\/modele-cenowe-dla-pobytow-krotko-i-dlugoterminowych\/\" rel=\"bookmark\" title=\"Modele cenowe dla pobyt\u00f3w kr\u00f3tko- i d\u0142ugoterminowych\">Modele cenowe dla pobyt\u00f3w kr\u00f3tko- i d\u0142ugoterminowych<\/a><\/div><\/li><\/ul><\/li><li class=\"vskb-cat-list p\"><div class=\"vskb-cat-name\"><a href=\"https:\/\/home-2stay.com\/pl\/litera\/p\/\" title=\"P\" >P<\/a><\/div><ul class=\"vskb-post-list\"><li class=\"vskb-post platformy-rezerwacyjne-i-kana\u0142y-(zarz\u0105dzanie-portfelem)\"><div class=\"vskb-post-name\"><a href=\"https:\/\/home-2stay.com\/pl\/wiki\/platformy-rezerwacyjne-i-kanaly-zarzadzanie-portfelem\/\" rel=\"bookmark\" title=\"Platformy rezerwacyjne i kana\u0142y (zarz\u0105dzanie portfelem)\">Platformy rezerwacyjne i kana\u0142y (zarz\u0105dzanie portfelem)<\/a><\/div><\/li><li class=\"vskb-post podstawy-prawne-wynajmu-komercyjnego\"><div class=\"vskb-post-name\"><a href=\"https:\/\/home-2stay.com\/pl\/wiki\/podstawy-prawne-wynajmu-komercyjnego\/\" rel=\"bookmark\" title=\"Podstawy prawne wynajmu komercyjnego\">Podstawy prawne wynajmu komercyjnego<\/a><\/div><\/li><li class=\"vskb-post procedury:-rezerwacja,-zameldowanie,-wymeldowanie\"><div class=\"vskb-post-name\"><a href=\"https:\/\/home-2stay.com\/pl\/wiki\/procedury-rezerwacja-zameldowanie-wymeldowanie\/\" rel=\"bookmark\" title=\"Procedury: rezerwacja, zameldowanie, wymeldowanie\">Procedury: rezerwacja, zameldowanie, wymeldowanie<\/a><\/div><\/li><\/ul><\/li><li class=\"vskb-cat-list r\"><div class=\"vskb-cat-name\"><a href=\"https:\/\/home-2stay.com\/pl\/litera\/r\/\" title=\"R\" >R<\/a><\/div><ul class=\"vskb-post-list\"><li class=\"vskb-post regulamin-domu-i-zasady-dla-go\u015bci\"><div class=\"vskb-post-name\"><a href=\"https:\/\/home-2stay.com\/pl\/wiki\/regulamin-domu-i-zasady-dla-gosci\/\" rel=\"bookmark\" title=\"Regulamin domu i zasady dla go\u015bci\">Regulamin domu i zasady dla go\u015bci<\/a><\/div><\/li><li class=\"vskb-post rezerwacje-dla-firm-\u2013-warunki-i-rozliczenia\"><div class=\"vskb-post-name\"><a href=\"https:\/\/home-2stay.com\/pl\/wiki\/corporate-bookings-terms-billing\/\" rel=\"bookmark\" title=\"Rezerwacje dla firm \u2013 Warunki i rozliczenia\">Rezerwacje dla firm \u2013 Warunki i rozliczenia<\/a><\/div><\/li><\/ul><\/li><li class=\"vskb-cat-list s\"><div class=\"vskb-cat-name\"><a href=\"https:\/\/home-2stay.com\/pl\/litera\/s\/\" title=\"S\" >S<\/a><\/div><ul class=\"vskb-post-list\"><li class=\"vskb-post standardy-jako\u015bci-wyposa\u017cenia-apartament\u00f3w\"><div class=\"vskb-post-name\"><a href=\"https:\/\/home-2stay.com\/pl\/wiki\/standardy-jakosci-wyposazenia-apartamentow\/\" rel=\"bookmark\" title=\"Standardy jako\u015bci wyposa\u017cenia apartament\u00f3w\">Standardy jako\u015bci wyposa\u017cenia apartament\u00f3w<\/a><\/div><\/li><li class=\"vskb-post strategie-marketingowe-na-sezonowe-szczyty\"><div class=\"vskb-post-name\"><a href=\"https:\/\/home-2stay.com\/pl\/wiki\/strategie-marketingowe-na-sezonowe-szczyty\/\" rel=\"bookmark\" title=\"Strategie marketingowe na sezonowe szczyty\">Strategie marketingowe na sezonowe szczyty<\/a><\/div><\/li><\/ul><\/li><li class=\"vskb-cat-list u\"><div class=\"vskb-cat-name\"><a href=\"https:\/\/home-2stay.com\/pl\/litera\/u\/\" title=\"U\" >U<\/a><\/div><ul class=\"vskb-post-list\"><li class=\"vskb-post ubezpieczenie-i-odpowiedzialno\u015b\u0107-przy-podnajmie\"><div class=\"vskb-post-name\"><a href=\"https:\/\/home-2stay.com\/pl\/wiki\/ubezpieczenie-i-odpowiedzialnosc-przy-podnajmie\/\" rel=\"bookmark\" title=\"Ubezpieczenie i odpowiedzialno\u015b\u0107 przy podnajmie\">Ubezpieczenie i odpowiedzialno\u015b\u0107 przy podnajmie<\/a><\/div><\/li><\/ul><\/li><li class=\"vskb-cat-list w\"><div class=\"vskb-cat-name\"><a href=\"https:\/\/home-2stay.com\/pl\/litera\/w\/\" title=\"W\" >W<\/a><\/div><ul class=\"vskb-post-list\"><li class=\"vskb-post wsparcie-it:-wi-fi,-dost\u0119p,-us\u0142ugi-cyfrowe\"><div class=\"vskb-post-name\"><a href=\"https:\/\/home-2stay.com\/pl\/wiki\/wsparcie-it-wi-fi-dostep-uslugi-cyfrowe\/\" rel=\"bookmark\" title=\"Wsparcie IT: Wi-Fi, dost\u0119p, us\u0142ugi cyfrowe\">Wsparcie IT: Wi-Fi, dost\u0119p, us\u0142ugi cyfrowe<\/a><\/div><\/li><\/ul><\/li><li class=\"vskb-cat-list z\"><div class=\"vskb-cat-name\"><a href=\"https:\/\/home-2stay.com\/pl\/litera\/z\/\" title=\"Z\" >Z<\/a><\/div><ul class=\"vskb-post-list\"><li class=\"vskb-post zarz\u0105dzanie-i-utrzymanie-obiekt\u00f3w-partnerskich\"><div class=\"vskb-post-name\"><a href=\"https:\/\/home-2stay.com\/pl\/wiki\/management-and-maintenance-of-partner-properties\/\" rel=\"bookmark\" title=\"Zarz\u0105dzanie i utrzymanie obiekt\u00f3w partnerskich\">Zarz\u0105dzanie i utrzymanie obiekt\u00f3w partnerskich<\/a><\/div><\/li><li class=\"vskb-post zarz\u0105dzanie-ocenami-(informacje-zwrotne-i-recenzje)\"><div class=\"vskb-post-name\"><a href=\"https:\/\/home-2stay.com\/pl\/wiki\/zarzadzanie-ocenami-informacje-zwrotne-i-recenzje\/\" rel=\"bookmark\" title=\"Zarz\u0105dzanie ocenami (informacje zwrotne i recenzje)\">Zarz\u0105dzanie ocenami (informacje zwrotne i recenzje)<\/a><\/div><\/li><\/ul><\/li><\/ul>\n","protected":false},"excerpt":{"rendered":"","protected":false},"author":1,"featured_media":0,"parent":0,"menu_order":0,"comment_status":"closed","ping_status":"closed","template":"","meta":{"_acf_changed":false,"_gspb_post_css":"","footnotes":""},"class_list":["post-4245","page","type-page","status-publish","hentry"],"blocksy_meta":[],"acf":[],"_links":{"self":[{"href":"https:\/\/home-2stay.com\/pl\/wp-json\/wp\/v2\/pages\/4245","targetHints":{"allow":["GET"]}}],"collection":[{"href":"https:\/\/home-2stay.com\/pl\/wp-json\/wp\/v2\/pages"}],"about":[{"href":"https:\/\/home-2stay.com\/pl\/wp-json\/wp\/v2\/types\/page"}],"author":[{"embeddable":true,"href":"https:\/\/home-2stay.com\/pl\/wp-json\/wp\/v2\/users\/1"}],"replies":[{"embeddable":true,"href":"https:\/\/home-2stay.com\/pl\/wp-json\/wp\/v2\/comments?post=4245"}],"version-history":[{"count":3,"href":"https:\/\/home-2stay.com\/pl\/wp-json\/wp\/v2\/pages\/4245\/revisions"}],"predecessor-version":[{"id":6207,"href":"https:\/\/home-2stay.com\/pl\/wp-json\/wp\/v2\/pages\/4245\/revisions\/6207"}],"wp:attachment":[{"href":"https:\/\/home-2stay.com\/pl\/wp-json\/wp\/v2\/media?parent=4245"}],"curies":[{"name":"wp","href":"https:\/\/api.w.org\/{rel}","templated":true}]}}